{"id":3940,"date":"2024-11-26T08:20:59","date_gmt":"2024-11-26T08:20:59","guid":{"rendered":"https:\/\/fildebosc.es\/blog\/"},"modified":"2025-02-19T11:14:10","modified_gmt":"2025-02-19T11:14:10","slug":"blog","status":"publish","type":"page","link":"https:\/\/fildebosc.es\/ca\/blog\/","title":{"rendered":"Blog"},"content":{"rendered":"<p>[et_pb_section fb_built=&#8221;1&#8243; admin_label=&#8221;Header &#038; Post Slider&#8221; _builder_version=&#8221;4.27.3&#8243; _module_preset=&#8221;default&#8221; background_color=&#8221;#e2d7b7&#8243; custom_padding=&#8221;||43px|||&#8221; collapsed=&#8221;on&#8221; global_colors_info=&#8221;{%22gcid-fc7afca1-7302-4e55-829d-3d445387c282%22:%91%22background_color%22%93}&#8221;][et_pb_row _builder_version=&#8221;4.23.2&#8243; _module_preset=&#8221;default&#8221; global_colors_info=&#8221;{}&#8221;][et_pb_column type=&#8221;4_4&#8243; _builder_version=&#8221;4.23.2&#8243; _module_preset=&#8221;default&#8221; global_colors_info=&#8221;{}&#8221;][et_pb_text _builder_version=&#8221;4.27.3&#8243; _module_preset=&#8221;_initial&#8221; header_text_color=&#8221;gcid-3c3581c1-f373-4686-aa51-f9f01c8ffd79&#8243; text_orientation=&#8221;center&#8221; global_colors_info=&#8221;{%22gcid-3c3581c1-f373-4686-aa51-f9f01c8ffd79%22:%91%22header_text_color%22%93}&#8221;]<\/p>\n<h1>Blog<\/h1>\n<p>[\/et_pb_text][et_pb_text _builder_version=&#8221;4.27.3&#8243; _module_preset=&#8221;default&#8221; text_font_size=&#8221;19px&#8221; text_orientation=&#8221;center&#8221; custom_padding=&#8221;8px||0px||false|false&#8221; global_colors_info=&#8221;{}&#8221;]<\/p>\n<p>En aquest espai, compartim projectes i recursos per a ajudar-te a connectar amb la naturalesa i fomentar un entorn m\u00e9s saludable i sostenible. Des de pr\u00e0ctiques agroecol\u00f2giques fins a receptes de temporada, passant per projectes creatius i sostenibles, el nostre objectiu \u00e9s brindar-te contingut que inspiri i eduqui. <\/p>\n<p>Explora, apr\u00e8n i uneix-te a la nostra comunitat.<\/p>\n<p>[\/et_pb_text][et_pb_blog _builder_version=&#8221;4.27.3&#8243; _module_preset=&#8221;default&#8221; global_colors_info=&#8221;{}&#8221;][\/et_pb_blog][\/et_pb_column][\/et_pb_row][\/et_pb_section][et_pb_section fb_built=&#8221;1&#8243; admin_label=&#8221;Subscribe&#8221; _builder_version=&#8221;4.27.3&#8243; _module_preset=&#8221;default&#8221; background_color=&#8221;#e2d7b7&#8243; custom_margin=&#8221;-131px|||||&#8221; collapsed=&#8221;on&#8221; global_colors_info=&#8221;{%22gcid-fc7afca1-7302-4e55-829d-3d445387c282%22:%91%22background_color%22%93}&#8221;][et_pb_row _builder_version=&#8221;4.27.3&#8243; _module_preset=&#8221;default&#8221; global_colors_info=&#8221;{}&#8221;][et_pb_column type=&#8221;4_4&#8243; _builder_version=&#8221;4.27.3&#8243; _module_preset=&#8221;default&#8221; global_colors_info=&#8221;{}&#8221;][et_pb_code disabled_on=&#8221;on|on|off&#8221; _builder_version=&#8221;4.27.3&#8243; _module_preset=&#8221;default&#8221; border_radii=&#8221;on|25px|25px|25px|25px&#8221; global_colors_info=&#8221;{}&#8221;]<iframe loading=\"lazy\" width=\"1140\" height=\"905\" src=\"https:\/\/48667ec7.sibforms.com\/serve\/MUIFAIflQ5WfO_Aai9f7OWLIpvwVVy7T1mTymYJnbzRONfvLgoEzAFJfKrfNf5ll6OHwLQusWfe1kZ1zmtotpGLYv40BeAuoVQR44YY-wXiS34Owg0j-8AyO9y5Af5uqrieTwpIoYpE3kUuK1udtQFv533vIsHo9fLu41rAWLeyjBLMAJ5y87CgrRYgofDGCTnWBVrGJn0FF1xvG\" frameborder=\"0\" scrolling=\"auto\" allowfullscreen=\"\" style=\"display: block;margin-left: auto;margin-right: auto;max-width: 100%;\"><\/iframe>[\/et_pb_code][\/et_pb_column][\/et_pb_row][et_pb_row _builder_version=&#8221;4.27.3&#8243; _module_preset=&#8221;default&#8221; global_colors_info=&#8221;{}&#8221;][et_pb_column type=&#8221;4_4&#8243; _builder_version=&#8221;4.27.3&#8243; _module_preset=&#8221;default&#8221; global_colors_info=&#8221;{}&#8221;][et_pb_code disabled_on=&#8221;off|off|on&#8221; _builder_version=&#8221;4.27.3&#8243; _module_preset=&#8221;default&#8221; border_radii=&#8221;on|25px|25px|25px|25px&#8221; global_colors_info=&#8221;{}&#8221;]<iframe loading=\"lazy\" width=\"1140\" height=\"1305\" src=\"https:\/\/48667ec7.sibforms.com\/serve\/MUIFAIflQ5WfO_Aai9f7OWLIpvwVVy7T1mTymYJnbzRONfvLgoEzAFJfKrfNf5ll6OHwLQusWfe1kZ1zmtotpGLYv40BeAuoVQR44YY-wXiS34Owg0j-8AyO9y5Af5uqrieTwpIoYpE3kUuK1udtQFv533vIsHo9fLu41rAWLeyjBLMAJ5y87CgrRYgofDGCTnWBVrGJn0FF1xvG\" frameborder=\"0\" scrolling=\"auto\" allowfullscreen=\"\" style=\"display: block;margin-left: auto;margin-right: auto;max-width: 100%;\"><\/iframe>[\/et_pb_code][\/et_pb_column][\/et_pb_row][\/et_pb_section]<\/p>\n","protected":false},"excerpt":{"rendered":"<p>BlogEn aquest espai, compartim projectes i recursos per a ajudar-te a connectar amb la naturalesa i fomentar un entorn m\u00e9s saludable i sostenible. Des de pr\u00e0ctiques agroecol\u00f2giques fins a receptes de temporada, passant per projectes creatius i sostenibles, el nostre objectiu \u00e9s brindar-te contingut que inspiri i eduqui. Explora, apr\u00e8n i uneix-te a la nostra [&hellip;]<\/p>\n","protected":false},"author":5,"featured_media":3382,"parent":0,"menu_order":0,"comment_status":"closed","ping_status":"closed","template":"","meta":{"_et_pb_use_builder":"on","_et_pb_old_content":"","_et_gb_content_width":"","om_disable_all_campaigns":false,"footnotes":""},"class_list":["post-3940","page","type-page","status-publish","has-post-thumbnail","hentry"],"aioseo_notices":[],"_links":{"self":[{"href":"https:\/\/fildebosc.es\/ca\/wp-json\/wp\/v2\/pages\/3940","targetHints":{"allow":["GET"]}}],"collection":[{"href":"https:\/\/fildebosc.es\/ca\/wp-json\/wp\/v2\/pages"}],"about":[{"href":"https:\/\/fildebosc.es\/ca\/wp-json\/wp\/v2\/types\/page"}],"author":[{"embeddable":true,"href":"https:\/\/fildebosc.es\/ca\/wp-json\/wp\/v2\/users\/5"}],"replies":[{"embeddable":true,"href":"https:\/\/fildebosc.es\/ca\/wp-json\/wp\/v2\/comments?post=3940"}],"version-history":[{"count":5,"href":"https:\/\/fildebosc.es\/ca\/wp-json\/wp\/v2\/pages\/3940\/revisions"}],"predecessor-version":[{"id":4463,"href":"https:\/\/fildebosc.es\/ca\/wp-json\/wp\/v2\/pages\/3940\/revisions\/4463"}],"wp:featuredmedia":[{"embeddable":true,"href":"https:\/\/fildebosc.es\/ca\/wp-json\/wp\/v2\/media\/3382"}],"wp:attachment":[{"href":"https:\/\/fildebosc.es\/ca\/wp-json\/wp\/v2\/media?parent=3940"}],"curies":[{"name":"wp","href":"https:\/\/api.w.org\/{rel}","templated":true}]}}