{"id":3963,"date":"2024-11-26T08:52:03","date_gmt":"2024-11-26T08:52:03","guid":{"rendered":"https:\/\/fildebosc.es\/tallers\/"},"modified":"2024-12-02T11:25:40","modified_gmt":"2024-12-02T11:25:40","slug":"tallers","status":"publish","type":"page","link":"https:\/\/fildebosc.es\/ca\/tallers\/","title":{"rendered":"Tallers"},"content":{"rendered":"<p>[et_pb_section fb_built=&#8221;1&#8243; admin_label=&#8221;Feature&#8221; _builder_version=&#8221;4.27.3&#8243; _module_preset=&#8221;default&#8221; background_color=&#8221;#e2d7b7&#8243; background_image=&#8221;https:\/\/fildebosc.es\/wp-content\/uploads\/2024\/11\/spa-background-05c@4x.png&#8221; background_size=&#8221;custom&#8221; background_image_width=&#8221;10%&#8221; background_position=&#8221;bottom_right&#8221; hover_enabled=&#8221;0&#8243; collapsed=&#8221;on&#8221; global_colors_info=&#8221;{%22gcid-fc7afca1-7302-4e55-829d-3d445387c282%22:%91%22background_color%22%93}&#8221; disabled_on=&#8221;on|on|off&#8221; sticky_enabled=&#8221;0&#8243;][et_pb_row column_structure=&#8221;1_2,1_2&#8243; make_equal=&#8221;on&#8221; _builder_version=&#8221;4.27.3&#8243; _module_preset=&#8221;default&#8221; global_colors_info=&#8221;{}&#8221;][et_pb_column type=&#8221;1_2&#8243; _builder_version=&#8221;4.27.3&#8243; _module_preset=&#8221;default&#8221; background_image=&#8221;https:\/\/fildebosc.es\/wp-content\/uploads\/2024\/11\/IMG_6056.heic&#8221; border_radii=&#8221;on|25px|25px|25px|25px&#8221; global_colors_info=&#8221;{}&#8221;][et_pb_divider show_divider=&#8221;off&#8221; _builder_version=&#8221;4.23.2&#8243; _module_preset=&#8221;default&#8221; height_tablet=&#8221;40vw&#8221; height_phone=&#8221;40vw&#8221; height_last_edited=&#8221;on|desktop&#8221; global_colors_info=&#8221;{}&#8221;][\/et_pb_divider][\/et_pb_column][et_pb_column type=&#8221;1_2&#8243; _builder_version=&#8221;4.23.2&#8243; _module_preset=&#8221;default&#8221; global_colors_info=&#8221;{}&#8221;][et_pb_text _builder_version=&#8221;4.27.3&#8243; _module_preset=&#8221;_initial&#8221; text_text_color=&#8221;gcid-75f8feef-8e89-48de-a593-3e169dc48f01&#8243; text_font_size=&#8221;22px&#8221; text_orientation=&#8221;center&#8221; global_colors_info=&#8221;{%22gcid-75f8feef-8e89-48de-a593-3e169dc48f01%22:%91%22text_text_color%22%93}&#8221;]<\/p>\n<p style=\"font-weight: 400;\"><span>Ensenyem la import\u00e0ncia de la biodiversitat i la <strong>riquesa cultural<\/strong> mostrant varietats locals i treballant amb associacions de<strong> races aut\u00f2ctones<\/strong>, recuperant aix\u00ed els sabers i les <strong>pr\u00e0ctiques tradicionals<\/strong>.<\/span><\/p>\n<p style=\"font-weight: 400;\"><span><strong><em><\/em><\/strong><\/span><\/p>\n<p style=\"font-weight: 400;\"><span><strong><em>Pintem amb la natura<\/em><\/strong><\/span><span><strong><\/strong><\/span><\/p>\n<p style=\"font-weight: 400;\"><span><strong><\/strong><\/span><\/p>\n<p style=\"font-weight: 400;\"><span>El cl\u00e0ssic <strong>indigofera tinctorea<\/strong> i la seva m\u00e0gica transformaci\u00f3, <strong>cosmos, rosses<\/strong> i <strong>margarides silvestres<\/strong>. Ens introdu\u00efm en el m\u00f3n de les <strong>tintures naturals<\/strong> i <strong>teixits vegetals<\/strong>   <\/span><\/p>\n<p style=\"font-weight: 400;\">En Fil de Bosc estem compromesos a inspirar als generacionsfutures a cuidar del nostre planeta i fomentar pr\u00e0ctiquessostenibles donis de primerenca edat. Els nostres tallers <span>  <\/span>estan dissenyats per a nens i adults, oferint una <strong>experi\u00e8ncia educativa<\/strong> pr\u00e0ctica i l\u00fadica. Combinem la diversi\u00f3 amb l&#8217;aprenentatge pr\u00e0ctic, <strong>explorem l&#8217;entorn<\/strong> i ens submergim en la naturalesa per a comprendre la import\u00e0ncia de la<strong> biodiversitat i<\/strong> la <strong>sostenibilitat.<\/strong> <\/p>\n<p style=\"font-weight: 400;\"><strong>Cultivem futur<\/strong><\/p>\n<p style=\"font-weight: 400;\"><span><strong>El nostre jard\u00ed \u00e9s un lloc d&#8217;aprenentatge<\/strong> i descobriment, on podreu con\u00e8ixer les plantes que donen vida als <strong>tints naturals<\/strong> lliures de t\u00f2xics. <\/span><\/p>\n<p>[\/et_pb_text][\/et_pb_column][\/et_pb_row][\/et_pb_section][et_pb_section fb_built=&#8221;1&#8243; admin_label=&#8221;Feature&#8221; _builder_version=&#8221;4.27.3&#8243; _module_preset=&#8221;default&#8221; background_color=&#8221;#e2d7b7&#8243; background_image=&#8221;https:\/\/fildebosc.es\/wp-content\/uploads\/2024\/11\/spa-background-05c@4x.png&#8221; background_size=&#8221;custom&#8221; background_image_width=&#8221;10%&#8221; background_position=&#8221;bottom_right&#8221; hover_enabled=&#8221;0&#8243; collapsed=&#8221;on&#8221; global_colors_info=&#8221;{%22gcid-fc7afca1-7302-4e55-829d-3d445387c282%22:%91%22background_color%22%93}&#8221; disabled_on=&#8221;off|off|on&#8221; sticky_enabled=&#8221;0&#8243;][et_pb_row column_structure=&#8221;1_2,1_2&#8243; make_equal=&#8221;on&#8221; _builder_version=&#8221;4.27.3&#8243; _module_preset=&#8221;default&#8221; hover_enabled=&#8221;0&#8243; global_colors_info=&#8221;{}&#8221; sticky_enabled=&#8221;0&#8243;][et_pb_column type=&#8221;1_2&#8243; _builder_version=&#8221;4.27.3&#8243; _module_preset=&#8221;default&#8221; background_image=&#8221;https:\/\/fildebosc.es\/wp-content\/uploads\/2024\/11\/IMG_6056.heic&#8221; hover_enabled=&#8221;0&#8243; border_radii=&#8221;on|25px|25px|25px|25px&#8221; global_colors_info=&#8221;{}&#8221; custom_padding=&#8221;105px|21px||21px|false|false&#8221; sticky_enabled=&#8221;0&#8243;][et_pb_divider show_divider=&#8221;off&#8221; _builder_version=&#8221;4.23.2&#8243; _module_preset=&#8221;default&#8221; height_tablet=&#8221;40vw&#8221; height_phone=&#8221;40vw&#8221; height_last_edited=&#8221;on|desktop&#8221; global_colors_info=&#8221;{}&#8221;][\/et_pb_divider][\/et_pb_column][et_pb_column type=&#8221;1_2&#8243; _builder_version=&#8221;4.23.2&#8243; _module_preset=&#8221;default&#8221; global_colors_info=&#8221;{}&#8221;][et_pb_heading title=&#8221;Tallers&#8221; _builder_version=&#8221;4.27.3&#8243; _module_preset=&#8221;default&#8221; title_font=&#8221;|||on|||||&#8221; hover_enabled=&#8221;0&#8243; sticky_enabled=&#8221;0&#8243; title_text_align=&#8221;center&#8221;][\/et_pb_heading][et_pb_text _builder_version=&#8221;4.27.3&#8243; _module_preset=&#8221;_initial&#8221; text_text_color=&#8221;gcid-75f8feef-8e89-48de-a593-3e169dc48f01&#8243; text_font_size=&#8221;22px&#8221; text_orientation=&#8221;center&#8221; global_colors_info=&#8221;{%22gcid-75f8feef-8e89-48de-a593-3e169dc48f01%22:%91%22text_text_color%22%93}&#8221;]<\/p>\n<p style=\"font-weight: 400;\"><span>Ensenyem la import\u00e0ncia de la biodiversitat i la <strong>riquesa cultural <\/strong>mostrant varietats locals i treballant amb associacions de <strong>races aut\u00f2ctones<\/strong>, recuperant aix\u00ed els sabers i les <strong>pr\u00e0ctiques tradicionals.<\/strong><\/span><\/p>\n<p style=\"font-weight: 400;\"><span><strong><em><\/em><\/strong><\/span><\/p>\n<p style=\"font-weight: 400;\"><span><strong><em>Pintem amb la natura<\/em><\/strong><\/span><span><strong><\/strong><\/span><\/p>\n<p style=\"font-weight: 400;\"><span><strong><\/strong><\/span><\/p>\n<p style=\"font-weight: 400;\"><span>El cl\u00e0ssic<strong> indigofera tinctorea<\/strong> i la seva m\u00e0gica transformaci\u00f3, <strong>cosmos, rosses <\/strong>i <strong>margarides silvestres.<\/strong> Ens introdu\u00efm en el m\u00f3n de les <strong>tintures naturals<\/strong> i <strong>teixits vegetals<\/strong><br \/>Cos   <\/span><\/p>\n<p style=\"font-weight: 400;\">En Fil de Bosc estem compromesos a inspirar a les generacions futures a cuidar del nostre planeta i fomentar pr\u00e0ctiques sostenibles des de primerenca edat. Els nostres tallers <span>  <\/span>estan dissenyats per a nens i adults, oferint una <strong>experi\u00e8ncia educativa<\/strong> pr\u00e0ctica i l\u00fadica. Combinem la diversi\u00f3 amb l&#8217;aprenentatge pr\u00e0ctic, <strong>explorem l&#8217;entorn<\/strong> i ens submergim en la naturalesa per a comprendre la import\u00e0ncia de la<strong> biodiversitat<\/strong> i la <strong>sostenibilitat.<\/strong> <\/p>\n<p style=\"font-weight: 400;\"><strong>Cultivem futur<\/strong><\/p>\n<p style=\"font-weight: 400;\"><span><strong>El nostre jard\u00ed \u00e9s un lloc d&#8217;aprenentatge <\/strong>i descobriment, on podreu con\u00e8ixer les plantes que donen vida als <strong>tints naturals<\/strong> lliures de t\u00f2xics. <\/span><\/p>\n<p>[\/et_pb_text][\/et_pb_column][\/et_pb_row][\/et_pb_section][et_pb_section fb_built=&#8221;1&#8243; admin_label=&#8221;Services&#8221; _builder_version=&#8221;4.27.3&#8243; _module_preset=&#8221;default&#8221; background_color=&#8221;gcid-fc7afca1-7302-4e55-829d-3d445387c282&#8243; background_enable_pattern_style=&#8221;on&#8221; background_pattern_style=&#8221;tufted&#8221; locked=&#8221;off&#8221; collapsed=&#8221;on&#8221; global_colors_info=&#8221;{%22gcid-fc7afca1-7302-4e55-829d-3d445387c282%22:%91%22background_color%22%93}&#8221;][et_pb_row column_structure=&#8221;1_4,1_4,1_4,1_4&#8243; _builder_version=&#8221;4.23.2&#8243; _module_preset=&#8221;default&#8221; custom_margin=&#8221;|auto|-33px|auto||&#8221; global_colors_info=&#8221;{}&#8221;][et_pb_column type=&#8221;1_4&#8243; _builder_version=&#8221;4.23.2&#8243; _module_preset=&#8221;default&#8221; global_colors_info=&#8221;{}&#8221;][et_pb_text _builder_version=&#8221;4.27.3&#8243; _module_preset=&#8221;_initial&#8221; header_6_text_color=&#8221;gcid-3c3581c1-f373-4686-aa51-f9f01c8ffd79&#8243; background_color=&#8221;#FFFFFF&#8221; custom_margin=&#8221;||10px||false|false&#8221; global_colors_info=&#8221;{%22gcid-3c3581c1-f373-4686-aa51-f9f01c8ffd79%22:%91%22header_6_text_color%22%93}&#8221;]<\/p>\n<h2>Jardins de tintoreas<\/h2>\n<p>[\/et_pb_text][et_pb_text _builder_version=&#8221;4.27.3&#8243; _module_preset=&#8221;_initial&#8221; text_text_color=&#8221;#000000&#8243; text_font_size=&#8221;15px&#8221; background_color=&#8221;#FFFFFF&#8221; global_colors_info=&#8221;{%22gcid-75f8feef-8e89-48de-a593-3e169dc48f01%22:%91%22text_text_color%22%93}&#8221;]<\/p>\n<p><span>El nostre Jard\u00ed alberga un jard\u00ed de plantes tintoreas, locals i ic\u00f2niques per al m\u00f3n dels tints naturals.<\/span><\/p>\n<p>[\/et_pb_text][\/et_pb_column][et_pb_column type=&#8221;1_4&#8243; _builder_version=&#8221;4.23.2&#8243; _module_preset=&#8221;default&#8221; global_colors_info=&#8221;{}&#8221;][et_pb_text _builder_version=&#8221;4.27.3&#8243; _module_preset=&#8221;_initial&#8221; header_6_text_color=&#8221;gcid-3c3581c1-f373-4686-aa51-f9f01c8ffd79&#8243; background_color=&#8221;#FFFFFF&#8221; custom_margin=&#8221;||10px||false|false&#8221; global_colors_info=&#8221;{%22gcid-3c3581c1-f373-4686-aa51-f9f01c8ffd79%22:%91%22header_6_text_color%22%93}&#8221;]<\/p>\n<h2>Adventicies<\/h2>\n<p>[\/et_pb_text][et_pb_text _builder_version=&#8221;4.27.3&#8243; _module_preset=&#8221;_initial&#8221; text_text_color=&#8221;#000000&#8243; text_font_size=&#8221;15px&#8221; background_color=&#8221;#FFFFFF&#8221; global_colors_info=&#8221;{%22gcid-75f8feef-8e89-48de-a593-3e169dc48f01%22:%91%22text_text_color%22%93}&#8221;]<\/p>\n<p>Aprenem el potencial que tenen les &#8220;males herbes&#8221; el seu poder curatiu i medicinal, tintoreo i ecosist\u00e8mic.<\/p>\n<p>[\/et_pb_text][\/et_pb_column][et_pb_column type=&#8221;1_4&#8243; _builder_version=&#8221;4.23.2&#8243; _module_preset=&#8221;default&#8221; global_colors_info=&#8221;{}&#8221;][et_pb_text _builder_version=&#8221;4.27.3&#8243; _module_preset=&#8221;_initial&#8221; header_6_text_color=&#8221;gcid-3c3581c1-f373-4686-aa51-f9f01c8ffd79&#8243; background_color=&#8221;#FFFFFF&#8221; custom_margin=&#8221;||10px||false|false&#8221; global_colors_info=&#8221;{%22gcid-3c3581c1-f373-4686-aa51-f9f01c8ffd79%22:%91%22header_6_text_color%22%93}&#8221;]<\/p>\n<h2>Fibres naturals<\/h2>\n<p>[\/et_pb_text][et_pb_text _builder_version=&#8221;4.27.3&#8243; _module_preset=&#8221;_initial&#8221; text_text_color=&#8221;#000000&#8243; background_color=&#8221;#FFFFFF&#8221; global_colors_info=&#8221;{%22gcid-75f8feef-8e89-48de-a593-3e169dc48f01%22:%91%22text_text_color%22%93}&#8221;]<\/p>\n<p>Ens endinsem en el m\u00f3n de les fibres vegetals i proteiques amb artesanes que elaboren peces \u00faniques i amb passi\u00f3.<\/p>\n<p>[\/et_pb_text][\/et_pb_column][et_pb_column type=&#8221;1_4&#8243; _builder_version=&#8221;4.23.2&#8243; _module_preset=&#8221;default&#8221; global_colors_info=&#8221;{}&#8221;][et_pb_text _builder_version=&#8221;4.27.3&#8243; _module_preset=&#8221;_initial&#8221; header_6_text_color=&#8221;gcid-3c3581c1-f373-4686-aa51-f9f01c8ffd79&#8243; background_color=&#8221;#FFFFFF&#8221; custom_margin=&#8221;||10px||false|false&#8221; global_colors_info=&#8221;{%22gcid-3c3581c1-f373-4686-aa51-f9f01c8ffd79%22:%91%22header_6_text_color%22%93}&#8221;]<\/p>\n<h2>Recolecci\u00f3 conscient<\/h2>\n<p>[\/et_pb_text][et_pb_text _builder_version=&#8221;4.27.3&#8243; _module_preset=&#8221;_initial&#8221; text_text_color=&#8221;#000000&#8243; background_color=&#8221;#FFFFFF&#8221; custom_padding=&#8221;|2px||||&#8221; global_colors_info=&#8221;{%22gcid-75f8feef-8e89-48de-a593-3e169dc48f01%22:%91%22text_text_color%22%93}&#8221;]<\/p>\n<p>Aprenem sobre la recol\u00b7lecci\u00f3 conscient i respectuosa minimitzant l&#8217;impacte negatiu que pot ocasionar a la fauna local.<\/p>\n<p>[\/et_pb_text][\/et_pb_column][\/et_pb_row][\/et_pb_section][et_pb_section fb_built=&#8221;1&#8243; admin_label=&#8221;Call to Action&#8221; _builder_version=&#8221;4.27.3&#8243; _module_preset=&#8221;default&#8221; background_color=&#8221;#e2d7b7&#8243; background_image=&#8221;https:\/\/fildebosc.es\/wp-content\/uploads\/2024\/11\/spa-background-08.png&#8221; background_size=&#8221;initial&#8221; background_position=&#8221;bottom_center&#8221; collapsed=&#8221;on&#8221; global_colors_info=&#8221;{%22gcid-fc7afca1-7302-4e55-829d-3d445387c282%22:%91%22background_color%22%93}&#8221;][et_pb_row column_structure=&#8221;1_4,1_4,1_2&#8243; use_custom_gutter=&#8221;on&#8221; gutter_width=&#8221;2&#8243; make_equal=&#8221;on&#8221; _builder_version=&#8221;4.27.3&#8243; _module_preset=&#8221;default&#8221; width=&#8221;66.4%&#8221; global_colors_info=&#8221;{}&#8221;][et_pb_column type=&#8221;1_4&#8243; _builder_version=&#8221;4.27.3&#8243; _module_preset=&#8221;default&#8221; background_image=&#8221;https:\/\/fildebosc.es\/wp-content\/uploads\/2024\/07\/Captura-de-pantalla-2024-07-03-a-las-13.25.03-1.png&#8221; border_radii=&#8221;on|15px|15px|15px|15px&#8221; global_colors_info=&#8221;{}&#8221;][et_pb_divider show_divider=&#8221;off&#8221; _builder_version=&#8221;4.23.2&#8243; _module_preset=&#8221;default&#8221; height_tablet=&#8221;50vw&#8221; height_phone=&#8221;50vw&#8221; height_last_edited=&#8221;on|tablet&#8221; global_colors_info=&#8221;{}&#8221;][\/et_pb_divider][\/et_pb_column][et_pb_column type=&#8221;1_4&#8243; _builder_version=&#8221;4.27.3&#8243; _module_preset=&#8221;default&#8221; background_image=&#8221;https:\/\/fildebosc.es\/wp-content\/uploads\/2024\/07\/Captura-de-pantalla-2024-07-03-a-las-13.24.36-1.png&#8221; border_radii=&#8221;on|15px|15px|15px|15px&#8221; global_colors_info=&#8221;{}&#8221;][et_pb_divider show_divider=&#8221;off&#8221; _builder_version=&#8221;4.23.2&#8243; _module_preset=&#8221;default&#8221; height_tablet=&#8221;50vw&#8221; height_phone=&#8221;50vw&#8221; height_last_edited=&#8221;on|tablet&#8221; locked=&#8221;off&#8221; global_colors_info=&#8221;{}&#8221;][\/et_pb_divider][\/et_pb_column][et_pb_column type=&#8221;1_2&#8243; _builder_version=&#8221;4.23.2&#8243; _module_preset=&#8221;default&#8221; custom_padding=&#8221;60px||60px||true|false&#8221; custom_padding_tablet=&#8221;0px||0px||true|false&#8221; custom_padding_phone=&#8221;0vw||||false|false&#8221; custom_padding_last_edited=&#8221;on|tablet&#8221; global_colors_info=&#8221;{}&#8221;][et_pb_text _builder_version=&#8221;4.27.3&#8243; _module_preset=&#8221;_initial&#8221; text_font_size=&#8221;15px&#8221; header_2_text_color=&#8221;gcid-3c3581c1-f373-4686-aa51-f9f01c8ffd79&#8243; custom_margin=&#8221;||10px||false|false&#8221; global_colors_info=&#8221;{%22gcid-3c3581c1-f373-4686-aa51-f9f01c8ffd79%22:%91%22header_2_text_color%22%93}&#8221;]<\/p>\n<h3 style=\"text-align: center;\"><span style=\"font-size: x-large;\">Una experi\u00e8ncia \u00fanica<\/span><\/h3>\n<h4 class=\"et_pb_module_header et-fb-editable-element et-fb-editable-element__editing\" data-shortcode-id=\"1.1.0.0-1732534463988\" data-quickaccess-id=\"header\" contenteditable=\"true\"><\/h4>\n<p>[\/et_pb_text][et_pb_text _builder_version=&#8221;4.27.3&#8243; _module_preset=&#8221;_initial&#8221; text_text_color=&#8221;gcid-75f8feef-8e89-48de-a593-3e169dc48f01&#8243; text_font_size=&#8221;22px&#8221; min_height=&#8221;120px&#8221; global_colors_info=&#8221;{%22gcid-75f8feef-8e89-48de-a593-3e169dc48f01%22:%91%22text_text_color%22%93}&#8221;]<\/p>\n<p style=\"font-weight: 400; text-align: center;\"><span>T&#8217;interessa aprendre sobre tints naturals?<\/span><\/p>\n<p style=\"font-weight: 400; text-align: center;\"><span>Emplena el nostre formulari i t&#8217;enviarem informaci\u00f3.<\/span><\/p>\n<p>[\/et_pb_text][et_pb_button button_url=&#8221;https:\/\/docs.google.com\/forms\/d\/e\/1FAIpQLSejVdTPWRSG5ac0-PQwvEhhbZNbPCjif28Z_wJdV9F9E9NDsA\/viewform&#8221; button_text=&#8221;Formulario&#8221; button_alignment=&#8221;center&#8221; _builder_version=&#8221;4.27.3&#8243; _module_preset=&#8221;_initial&#8221; custom_button=&#8221;on&#8221; button_text_color=&#8221;#FFFFFF&#8221; button_bg_color=&#8221;gcid-33ba488a-a977-4fcb-9562-ca062f22498f&#8221; custom_padding=&#8221;14px|42px|14px|42px|true|true&#8221; global_colors_info=&#8221;{%22gcid-fc7afca1-7302-4e55-829d-3d445387c282%22:%91%22button_border_color%22%93,%22gcid-33ba488a-a977-4fcb-9562-ca062f22498f%22:%91%22button_bg_color%22%93}&#8221;][\/et_pb_button][\/et_pb_column][\/et_pb_row][\/et_pb_section][et_pb_section fb_built=&#8221;1&#8243; admin_label=&#8221;Testimonials&#8221; _builder_version=&#8221;4.27.3&#8243; _module_preset=&#8221;default&#8221; background_color=&#8221;#e2d7b7&#8243; background_image=&#8221;https:\/\/fildebosc.es\/wp-content\/uploads\/2024\/11\/spa-background-05c@4x.png&#8221; background_size=&#8221;custom&#8221; background_image_width=&#8221;10%&#8221; background_position=&#8221;bottom_right&#8221; locked=&#8221;off&#8221; collapsed=&#8221;on&#8221; global_colors_info=&#8221;{%22gcid-fc7afca1-7302-4e55-829d-3d445387c282%22:%91%22background_color%22%93}&#8221;][et_pb_row _builder_version=&#8221;4.27.3&#8243; _module_preset=&#8221;default&#8221; min_height=&#8221;212.3px&#8221; custom_padding=&#8221;||18px|||&#8221; global_colors_info=&#8221;{}&#8221;][et_pb_column type=&#8221;4_4&#8243; _builder_version=&#8221;4.27.3&#8243; _module_preset=&#8221;default&#8221; global_colors_info=&#8221;{}&#8221;][et_pb_text _builder_version=&#8221;4.27.3&#8243; _module_preset=&#8221;_initial&#8221; text_font_size=&#8221;22px&#8221; text_orientation=&#8221;center&#8221; custom_margin=&#8221;-58px|||||&#8221; global_colors_info=&#8221;{}&#8221;]<\/p>\n<p><span style=\"font-size: x-large;\"><strong>Comen\u00e7a l&#8217;Aventura<\/strong><\/span><\/p>\n<p style=\"font-weight: 400; text-align: center;\">Contacta amb nosaltres i descobreix un m\u00f3n de colors amb Fil de Bosc. Els nostres <strong>tallers<\/strong> no sols <strong>eduquen<\/strong>, sin\u00f3 que tamb\u00e9<strong> inspiren<\/strong> als joves a ser defensors actius d&#8217;un <strong>planeta m\u00e9s saludable.<\/strong> <\/p>\n<p style=\"font-weight: 400; text-align: center;\"><strong>Junts, conreem coneixement, cura i passi\u00f3 pel medi ambient.<\/strong><\/p>\n<p>[\/et_pb_text][\/et_pb_column][\/et_pb_row][\/et_pb_section]<\/p>\n","protected":false},"excerpt":{"rendered":"<p>Ensenyem la import\u00e0ncia de la biodiversitat i la riquesa cultural mostrant varietats locals i treballant amb associacions de races aut\u00f2ctones, recuperant aix\u00ed els sabers i les pr\u00e0ctiques tradicionals. Pintem amb la natura El cl\u00e0ssic indigofera tinctorea i la seva m\u00e0gica transformaci\u00f3, cosmos, rosses i margarides silvestres. Ens introdu\u00efm en el m\u00f3n de les tintures naturals [&hellip;]<\/p>\n","protected":false},"author":5,"featured_media":3822,"parent":0,"menu_order":0,"comment_status":"closed","ping_status":"closed","template":"","meta":{"_et_pb_use_builder":"on","_et_pb_old_content":"","_et_gb_content_width":"","om_disable_all_campaigns":false,"footnotes":""},"class_list":["post-3963","page","type-page","status-publish","has-post-thumbnail","hentry"],"aioseo_notices":[],"_links":{"self":[{"href":"https:\/\/fildebosc.es\/ca\/wp-json\/wp\/v2\/pages\/3963","targetHints":{"allow":["GET"]}}],"collection":[{"href":"https:\/\/fildebosc.es\/ca\/wp-json\/wp\/v2\/pages"}],"about":[{"href":"https:\/\/fildebosc.es\/ca\/wp-json\/wp\/v2\/types\/page"}],"author":[{"embeddable":true,"href":"https:\/\/fildebosc.es\/ca\/wp-json\/wp\/v2\/users\/5"}],"replies":[{"embeddable":true,"href":"https:\/\/fildebosc.es\/ca\/wp-json\/wp\/v2\/comments?post=3963"}],"version-history":[{"count":1,"href":"https:\/\/fildebosc.es\/ca\/wp-json\/wp\/v2\/pages\/3963\/revisions"}],"predecessor-version":[{"id":4176,"href":"https:\/\/fildebosc.es\/ca\/wp-json\/wp\/v2\/pages\/3963\/revisions\/4176"}],"wp:featuredmedia":[{"embeddable":true,"href":"https:\/\/fildebosc.es\/ca\/wp-json\/wp\/v2\/media\/3822"}],"wp:attachment":[{"href":"https:\/\/fildebosc.es\/ca\/wp-json\/wp\/v2\/media?parent=3963"}],"curies":[{"name":"wp","href":"https:\/\/api.w.org\/{rel}","templated":true}]}}