{"id":4171,"date":"2024-11-26T08:41:14","date_gmt":"2024-11-26T08:41:14","guid":{"rendered":"https:\/\/fildebosc.es\/sobre-nosaltres\/"},"modified":"2025-01-11T19:22:42","modified_gmt":"2025-01-11T19:22:42","slug":"sobre-nosaltres","status":"publish","type":"page","link":"https:\/\/fildebosc.es\/ca\/sobre-nosaltres\/","title":{"rendered":"Sobre nosaltres"},"content":{"rendered":"<p>[et_pb_section fb_built=&#8221;1&#8243; theme_builder_area=&#8221;post_content&#8221; _builder_version=&#8221;4.27.3&#8243; _module_preset=&#8221;default&#8221; background_color=&#8221;#e2d7b7&#8243; hover_enabled=&#8221;0&#8243; sticky_enabled=&#8221;0&#8243;][et_pb_row _builder_version=&#8221;4.27.3&#8243; _module_preset=&#8221;default&#8221; column_structure=&#8221;1_2,1_2&#8243; theme_builder_area=&#8221;post_content&#8221;][et_pb_column _builder_version=&#8221;4.27.3&#8243; _module_preset=&#8221;default&#8221; type=&#8221;1_2&#8243; theme_builder_area=&#8221;post_content&#8221;][et_pb_image src=&#8221;https:\/\/fildebosc.es\/wp-content\/uploads\/2024\/11\/IMG_4937-e1732654211796.png&#8221; _builder_version=&#8221;4.27.3&#8243; _module_preset=&#8221;default&#8221; theme_builder_area=&#8221;post_content&#8221; hover_enabled=&#8221;0&#8243; sticky_enabled=&#8221;0&#8243; title_text=&#8221;IMG_4937&#8243; border_radii=&#8221;on|38px|38px|38px|38px&#8221;][\/et_pb_image][\/et_pb_column][et_pb_column _builder_version=&#8221;4.27.3&#8243; _module_preset=&#8221;default&#8221; type=&#8221;1_2&#8243; theme_builder_area=&#8221;post_content&#8221;][et_pb_text _builder_version=&#8221;4.27.3&#8243; _module_preset=&#8221;default&#8221; theme_builder_area=&#8221;post_content&#8221; hover_enabled=&#8221;0&#8243; sticky_enabled=&#8221;0&#8243; custom_padding=&#8221;||3px|||&#8221; text_font_size=&#8221;18px&#8221; text_orientation=&#8221;center&#8221; header_text_color=&#8221;#000000&#8243; custom_margin=&#8221;120px||||false|false&#8221;]<\/p>\n<div class=\"wp-block-stackable-text stk-block-text stk-block stk-bffd4ca\" data-block-id=\"bffd4ca\">\n<h1 style=\"text-align: center;\">Qui est\u00e0 darrere de Fil de Bosc?<\/h1>\n<p>&nbsp;<\/p>\n<p>Des de petita he estat en contacte amb la naturalesa, tots els meus avis eren agricultors i sempre he estat entre cultius de carxofa i muntanyes.<\/p>\n<p>He viatjat i treballat els \u00faltims 10 anys en pa\u00efsos semides\u00e8rtics on la pluviom\u00e8trica era escassa i on transform\u00e0vem residus locals en recursos com a estrat\u00e8gia per a retenir humitat, aportar mat\u00e8ria org\u00e0nica i afavorir la vida microbiana.<\/p>\n<p class=\"stk-block-text__text\">En establir-me a Mallorca vaig voler buscar una alternativa a la jardineria sostenible al mateix temps que t<strong>ransformava residus locals en recursos<\/strong>, per aix\u00f2 cre\u00ef <strong>Fil de Bosc.<\/strong> Empresa compromesa amb <strong>l&#8217;agricultura responsable.<\/strong><\/p>\n<p class=\"stk-block-text__text\">Ens especialitzem en la <strong>Jardineria comestible, medicinal i tintorea, <\/strong>la transformaci\u00f3 de residus en recursos, l&#8217;educaci\u00f3 ambiental i la innovaci\u00f3 i el desenvolupament.<\/p>\n<\/div>\n<div class=\"wp-block-stackable-text stk-block-text stk-block stk-7f76f19\" data-block-id=\"7f76f19\">\n<p class=\"stk-block-text__text\">Promovem el respecte, i el sentit com\u00fa en tots els processos agr\u00edcoles que duem a terme. Aprenem i ensenyem com cuidar i respectar l&#8217;entorn que ens envolta des de la senzillesa per a arribar a tod@s.<\/p>\n<p>Soc Sara Lechuga, s\u00ed, un nom molt concorde per a dedicar-se al m\u00f3n rural, ho s\u00e9.<\/p>\n<\/div>\n<p>[\/et_pb_text][\/et_pb_column][\/et_pb_row][\/et_pb_section][et_pb_section fb_built=&#8221;1&#8243; admin_label=&#8221;Team&#8221; _builder_version=&#8221;4.23.2&#8243; _module_preset=&#8221;default&#8221; background_color=&#8221;gcid-fc7afca1-7302-4e55-829d-3d445387c282&#8243; collapsed=&#8221;on&#8221; global_colors_info=&#8221;{%22gcid-fc7afca1-7302-4e55-829d-3d445387c282%22:%91%22background_color%22%93}&#8221;][et_pb_row _builder_version=&#8221;4.23.2&#8243; _module_preset=&#8221;default&#8221; global_colors_info=&#8221;{}&#8221;][et_pb_column type=&#8221;4_4&#8243; _builder_version=&#8221;4.23.2&#8243; _module_preset=&#8221;default&#8221; global_colors_info=&#8221;{}&#8221;][et_pb_text _builder_version=&#8221;4.27.3&#8243; _module_preset=&#8221;_initial&#8221; text_font=&#8221;|||on|||||&#8221; header_2_text_color=&#8221;gcid-3c3581c1-f373-4686-aa51-f9f01c8ffd79&#8243; text_orientation=&#8221;center&#8221; custom_margin=&#8221;||10px||false|false&#8221; global_colors_info=&#8221;{%22gcid-3c3581c1-f373-4686-aa51-f9f01c8ffd79%22:%91%22header_2_text_color%22%93}&#8221;]<\/p>\n<p>He col\u00b7laborat amb<\/p>\n<p>[\/et_pb_text][\/et_pb_column][\/et_pb_row][et_pb_row column_structure=&#8221;1_5,1_5,1_5,1_5,1_5&#8243; _builder_version=&#8221;4.27.3&#8243; _module_preset=&#8221;default&#8221; locked=&#8221;off&#8221; global_colors_info=&#8221;{}&#8221;][et_pb_column type=&#8221;1_5&#8243; _builder_version=&#8221;4.23.2&#8243; _module_preset=&#8221;default&#8221; global_colors_info=&#8221;{}&#8221;][et_pb_image src=&#8221;https:\/\/fildebosc.es\/wp-content\/uploads\/2024\/11\/Unknown.png&#8221; title_text=&#8221;Unknown&#8221; _builder_version=&#8221;4.27.3&#8243; _module_preset=&#8221;default&#8221; global_colors_info=&#8221;{}&#8221;][\/et_pb_image][et_pb_image src=&#8221;https:\/\/fildebosc.es\/wp-content\/uploads\/2024\/11\/Unknown-1.png&#8221; title_text=&#8221;Unknown-1&#8243; align=&#8221;center&#8221; _builder_version=&#8221;4.27.3&#8243; _module_preset=&#8221;default&#8221; global_colors_info=&#8221;{}&#8221;][\/et_pb_image][et_pb_image src=&#8221;https:\/\/fildebosc.es\/wp-content\/uploads\/2024\/11\/Unknown-5.png&#8221; title_text=&#8221;Unknown-5&#8243; _builder_version=&#8221;4.27.3&#8243; _module_preset=&#8221;default&#8221; global_colors_info=&#8221;{}&#8221;][\/et_pb_image][\/et_pb_column][et_pb_column type=&#8221;1_5&#8243; _builder_version=&#8221;4.23.2&#8243; _module_preset=&#8221;default&#8221; global_colors_info=&#8221;{}&#8221;][et_pb_image src=&#8221;https:\/\/fildebosc.es\/wp-content\/uploads\/2024\/11\/Unknown-5.jpeg&#8221; title_text=&#8221;Unknown-5&#8243; align=&#8221;center&#8221; _builder_version=&#8221;4.27.3&#8243; _module_preset=&#8221;default&#8221; global_colors_info=&#8221;{}&#8221;][\/et_pb_image][et_pb_image src=&#8221;https:\/\/fildebosc.es\/wp-content\/uploads\/2024\/11\/Unknown-4.jpeg&#8221; title_text=&#8221;Unknown-4&#8243; align=&#8221;center&#8221; _builder_version=&#8221;4.27.3&#8243; _module_preset=&#8221;default&#8221; global_colors_info=&#8221;{}&#8221;][\/et_pb_image][\/et_pb_column][et_pb_column type=&#8221;1_5&#8243; _builder_version=&#8221;4.23.2&#8243; _module_preset=&#8221;default&#8221; global_colors_info=&#8221;{}&#8221;][et_pb_image src=&#8221;https:\/\/fildebosc.es\/wp-content\/uploads\/2024\/11\/Unknown-3.jpeg&#8221; title_text=&#8221;Unknown-3&#8243; align=&#8221;center&#8221; _builder_version=&#8221;4.27.3&#8243; _module_preset=&#8221;default&#8221; global_colors_info=&#8221;{}&#8221;][\/et_pb_image][et_pb_image src=&#8221;https:\/\/fildebosc.es\/wp-content\/uploads\/2024\/11\/Unknown-7.jpeg&#8221; title_text=&#8221;Unknown-7&#8243; align=&#8221;center&#8221; _builder_version=&#8221;4.27.3&#8243; _module_preset=&#8221;default&#8221; global_colors_info=&#8221;{}&#8221;][\/et_pb_image][et_pb_image src=&#8221;https:\/\/fildebosc.es\/wp-content\/uploads\/2024\/11\/cropped-logo-era.png&#8221; title_text=&#8221;cropped-logo-era&#8221; _builder_version=&#8221;4.27.3&#8243; _module_preset=&#8221;default&#8221; global_colors_info=&#8221;{}&#8221;][\/et_pb_image][\/et_pb_column][et_pb_column type=&#8221;1_5&#8243; _builder_version=&#8221;4.23.2&#8243; _module_preset=&#8221;default&#8221; global_colors_info=&#8221;{}&#8221;][et_pb_image src=&#8221;https:\/\/fildebosc.es\/wp-content\/uploads\/2024\/11\/Unknown-2.png&#8221; title_text=&#8221;Unknown-2&#8243; align=&#8221;center&#8221; _builder_version=&#8221;4.27.3&#8243; _module_preset=&#8221;default&#8221; global_colors_info=&#8221;{}&#8221;][\/et_pb_image][et_pb_image src=&#8221;https:\/\/fildebosc.es\/wp-content\/uploads\/2024\/11\/Unknown-3.png&#8221; title_text=&#8221;Unknown-3&#8243; _builder_version=&#8221;4.27.3&#8243; _module_preset=&#8221;default&#8221; global_colors_info=&#8221;{}&#8221;][\/et_pb_image][et_pb_image src=&#8221;https:\/\/fildebosc.es\/wp-content\/uploads\/2024\/11\/Unknown-6.png&#8221; title_text=&#8221;Unknown-6&#8243; align=&#8221;center&#8221; _builder_version=&#8221;4.27.3&#8243; _module_preset=&#8221;default&#8221; global_colors_info=&#8221;{}&#8221;][\/et_pb_image][\/et_pb_column][et_pb_column type=&#8221;1_5&#8243; _builder_version=&#8221;4.23.2&#8243; _module_preset=&#8221;default&#8221; global_colors_info=&#8221;{}&#8221;][et_pb_image src=&#8221;https:\/\/fildebosc.es\/wp-content\/uploads\/2024\/11\/Unknown-2.jpeg&#8221; title_text=&#8221;Unknown-2&#8243; align=&#8221;center&#8221; _builder_version=&#8221;4.27.3&#8243; _module_preset=&#8221;default&#8221; global_colors_info=&#8221;{}&#8221;][\/et_pb_image][et_pb_image src=&#8221;https:\/\/fildebosc.es\/wp-content\/uploads\/2024\/11\/Unknown-8.jpeg&#8221; title_text=&#8221;Unknown-8&#8243; align=&#8221;center&#8221; _builder_version=&#8221;4.27.3&#8243; _module_preset=&#8221;default&#8221; global_colors_info=&#8221;{}&#8221;][\/et_pb_image][et_pb_image src=&#8221;https:\/\/fildebosc.es\/wp-content\/uploads\/2024\/11\/Unknown-4.png&#8221; title_text=&#8221;Unknown-4&#8243; align=&#8221;center&#8221; _builder_version=&#8221;4.27.3&#8243; _module_preset=&#8221;default&#8221; global_colors_info=&#8221;{}&#8221;][\/et_pb_image][\/et_pb_column][\/et_pb_row][\/et_pb_section]<\/p>\n","protected":false},"excerpt":{"rendered":"<p>Qui est\u00e0 darrere de Fil de Bosc? &nbsp; Des de petita he estat en contacte amb la naturalesa, tots els meus avis eren agricultors i sempre he estat entre cultius de carxofa i muntanyes. He viatjat i treballat els \u00faltims 10 anys en pa\u00efsos semides\u00e8rtics on la pluviom\u00e8trica era escassa i on transform\u00e0vem residus locals [&hellip;]<\/p>\n","protected":false},"author":5,"featured_media":4473,"parent":0,"menu_order":0,"comment_status":"closed","ping_status":"closed","template":"","meta":{"_et_pb_use_builder":"on","_et_pb_old_content":"","_et_gb_content_width":"","om_disable_all_campaigns":false,"footnotes":""},"class_list":["post-4171","page","type-page","status-publish","has-post-thumbnail","hentry"],"aioseo_notices":[],"_links":{"self":[{"href":"https:\/\/fildebosc.es\/ca\/wp-json\/wp\/v2\/pages\/4171","targetHints":{"allow":["GET"]}}],"collection":[{"href":"https:\/\/fildebosc.es\/ca\/wp-json\/wp\/v2\/pages"}],"about":[{"href":"https:\/\/fildebosc.es\/ca\/wp-json\/wp\/v2\/types\/page"}],"author":[{"embeddable":true,"href":"https:\/\/fildebosc.es\/ca\/wp-json\/wp\/v2\/users\/5"}],"replies":[{"embeddable":true,"href":"https:\/\/fildebosc.es\/ca\/wp-json\/wp\/v2\/comments?post=4171"}],"version-history":[{"count":1,"href":"https:\/\/fildebosc.es\/ca\/wp-json\/wp\/v2\/pages\/4171\/revisions"}],"predecessor-version":[{"id":4389,"href":"https:\/\/fildebosc.es\/ca\/wp-json\/wp\/v2\/pages\/4171\/revisions\/4389"}],"wp:featuredmedia":[{"embeddable":true,"href":"https:\/\/fildebosc.es\/ca\/wp-json\/wp\/v2\/media\/4473"}],"wp:attachment":[{"href":"https:\/\/fildebosc.es\/ca\/wp-json\/wp\/v2\/media?parent=4171"}],"curies":[{"name":"wp","href":"https:\/\/api.w.org\/{rel}","templated":true}]}}